{"id":2,"date":"2024-02-14T09:39:56","date_gmt":"2024-02-14T08:39:56","guid":{"rendered":"http:\/\/sintomer.net\/?page_id=2"},"modified":"2024-09-06T16:46:43","modified_gmt":"2024-09-06T14:46:43","slug":"page-d-exemple","status":"publish","type":"page","link":"http:\/\/sintomer.net\/","title":{"rendered":"YVES SINTOMER &#8211; Fran\u00e7ais"},"content":{"rendered":"<nav class=\"is-responsive items-justified-center wp-block-navigation is-content-justification-center is-layout-flex wp-container-core-navigation-layout-1 wp-block-navigation-is-layout-flex\" aria-label=\"Navigation\" \n\t\t\tdata-wp-interactive\n\t\t\tdata-wp-context='{\"core\":{\"navigation\":{\"overlayOpenedBy\":[],\"type\":\"overlay\",\"roleAttribute\":\"\",\"ariaLabel\":\"Menu\"}}}'\n\t\t><button aria-haspopup=\"true\" aria-label=\"Open menu\" class=\"wp-block-navigation__responsive-container-open \" \n\t\t\tdata-wp-on--click=\"actions.core.navigation.openMenuOnClick\"\n\t\t\tdata-wp-on--keydown=\"actions.core.navigation.handleMenuKeydown\"\n\t\t><svg width=\"24\" height=\"24\" xmlns=\"http:\/\/www.w3.org\/2000\/svg\" viewBox=\"0 0 24 24\" aria-hidden=\"true\" focusable=\"false\"><rect x=\"4\" y=\"7.5\" width=\"16\" height=\"1.5\" \/><rect x=\"4\" y=\"15\" width=\"16\" height=\"1.5\" \/><\/svg><\/button>\n\t\t\t<div class=\"wp-block-navigation__responsive-container  \" style=\"\" id=\"modal-1\" \n\t\t\tdata-wp-class--has-modal-open=\"selectors.core.navigation.isMenuOpen\"\n\t\t\tdata-wp-class--is-menu-open=\"selectors.core.navigation.isMenuOpen\"\n\t\t\tdata-wp-effect=\"effects.core.navigation.initMenu\"\n\t\t\tdata-wp-on--keydown=\"actions.core.navigation.handleMenuKeydown\"\n\t\t\tdata-wp-on--focusout=\"actions.core.navigation.handleMenuFocusout\"\n\t\t\ttabindex=\"-1\"\n\t\t>\n\t\t\t\t<div class=\"wp-block-navigation__responsive-close\" tabindex=\"-1\">\n\t\t\t\t\t<div class=\"wp-block-navigation__responsive-dialog\" \n\t\t\tdata-wp-bind--aria-modal=\"selectors.core.navigation.ariaModal\"\n\t\t\tdata-wp-bind--aria-label=\"selectors.core.navigation.ariaLabel\"\n\t\t\tdata-wp-bind--role=\"selectors.core.navigation.roleAttribute\"\n\t\t\tdata-wp-effect=\"effects.core.navigation.focusFirstElement\"\n\t\t>\n\t\t\t\t\t\t\t<button aria-label=\"Close menu\" class=\"wp-block-navigation__responsive-container-close\" \n\t\t\tdata-wp-on--click=\"actions.core.navigation.closeMenuOnClick\"\n\t\t><svg xmlns=\"http:\/\/www.w3.org\/2000\/svg\" viewBox=\"0 0 24 24\" width=\"24\" height=\"24\" aria-hidden=\"true\" focusable=\"false\"><path d=\"M13 11.8l6.1-6.3-1-1-6.1 6.2-6.1-6.2-1 1 6.1 6.3-6.5 6.7 1 1 6.5-6.6 6.5 6.6 1-1z\"><\/path><\/svg><\/button>\n\t\t\t\t\t\t<div class=\"wp-block-navigation__responsive-container-content\" id=\"modal-1-content\">\n\t\t\t\t\t\t\t<ul class=\"wp-block-navigation__container is-responsive items-justified-center wp-block-navigation\"><li class=\" wp-block-navigation-item wp-block-navigation-link\"><a class=\"wp-block-navigation-item__content\"  href=\"http:\/\/sintomer.net\/?page_id=3\"><span class=\"wp-block-navigation-item__label\">English<\/span><\/a><\/li><li class=\" wp-block-navigation-item wp-block-navigation-link\"><a class=\"wp-block-navigation-item__content\"  href=\"http:\/\/sintomer.net\"><span class=\"wp-block-navigation-item__label\">Fran\u00e7ais<\/span><\/a><\/li><li class=\" wp-block-navigation-item wp-block-navigation-link\"><a class=\"wp-block-navigation-item__content\"  href=\"http:\/\/sintomer.net\/?page_id=370\"><span class=\"wp-block-navigation-item__label\">\u4e2d\u6587<\/span><\/a><\/li><\/ul>\n\t\t\t\t\t\t<\/div>\n\t\t\t\t\t<\/div>\n\t\t\t\t<\/div>\n\t\t\t<\/div><\/nav>\n\n\n<div class=\"wp-block-media-text is-stacked-on-mobile\" style=\"grid-template-columns:35% auto\"><figure class=\"wp-block-media-text__media\"><img loading=\"lazy\" decoding=\"async\" width=\"300\" height=\"340\" src=\"http:\/\/sintomer.net\/wp-content\/uploads\/2024\/05\/yves_sintomer.png\" alt=\"\" class=\"wp-image-188 size-full\" srcset=\"http:\/\/sintomer.net\/wp-content\/uploads\/2024\/05\/yves_sintomer.png 300w, http:\/\/sintomer.net\/wp-content\/uploads\/2024\/05\/yves_sintomer-265x300.png 265w\" sizes=\"(max-width: 300px) 85vw, 300px\" \/><\/figure><div class=\"wp-block-media-text__content\">\n<p><\/p>\n<\/div><\/div>\n\n\n\n<hr class=\"wp-block-separator has-alpha-channel-opacity is-style-wide\"\/>\n\n\n\n<p>Professeur de sciences politiques \u00e0 l&#8217;Universit\u00e9 Paris 8 Vincennes\/Saint-Denis.<\/p>\n\n\n\n<p>Membre de l\u2019UMR Centre de Recherches Sociologiques et Politiques de Paris (CRESPPA, CNRS\/Universit\u00e9 Paris 8\/Universit\u00e9 Paris Nanterre).<\/p>\n\n\n\n<p>Associate Member, Nuffield College, Maison fran\u00e7aise d\u2019Oxford, University of Oxford.<\/p>\n\n\n\n<p>Professeur \u00ab titulaire \u00bb (invit\u00e9), Institut de Sociologie de l\u2019Universit\u00e9 de Neuch\u00e2tel, Suisse (depuis 2018) ; collaborateur ext\u00e9rieur, Centre CRAPUL de l\u2019IEPHI, Universit\u00e9 de Lausanne (depuis 2009).<\/p>\n\n\n\n<div class=\"wp-block-cover aligncenter\" style=\"min-height:166px\"><span aria-hidden=\"true\" class=\"wp-block-cover__background has-background-dim\"><\/span><div class=\"wp-block-cover__inner-container is-layout-flow wp-block-cover-is-layout-flow\">\n<div class=\"wp-block-group is-layout-flow wp-block-group-is-layout-flow\"><div class=\"wp-block-group__inner-container\">\n<div class=\"wp-block-group is-style-default is-layout-flow wp-block-group-is-layout-flow\"><div class=\"wp-block-group__inner-container\">\n<p class=\"has-text-align-center has-small-font-size\"><em>&#8220;Sur la question d\u00e9mocratique comme sur la question \u00e9cologique, le statu quo n\u2019est pas une option. Faute de r\u00e9volutionner nos institutions politiques et notre mode de production et de consommation, nous allons vers des sc\u00e9narios tr\u00e8s sombres.&#8221; <\/em><\/p>\n\n\n\n<p class=\"has-text-align-right\">Yves Sintomer<\/p>\n<\/div><\/div>\n<\/div><\/div>\n<\/div><\/div>\n\n\n\n<h3 class=\"wp-block-heading\">Biographie <\/h3>\n\n\n\n<p>Yves Sintomer a commenc\u00e9 ses \u00e9tudes dans les universit\u00e9s de Besan\u00e7on, Paris 8 et Paris Nanterre. Il est docteur en sciences politiques et sociales de l\u2019Institut universitaire europ\u00e9en de Florence, et a s\u00e9journ\u00e9 durant une partie de son doctorat dans les universit\u00e9s de Francfort\/Main et de Harvard. Il a pass\u00e9 une habilitation \u00e0 diriger les recherches en sociologie \u00e0 l\u2019Universit\u00e9 de Paris V.&nbsp;<\/p>\n\n\n\n<p>Actif dans l\u2019espace public, il a notamment \u00e9t\u00e9 l\u2019un des fondateurs de la revue <em>Mouvements<\/em> et, durant longtemps, il a conseill\u00e9 les \u00c9ditions La D\u00e9couverte. Il intervient r\u00e9guli\u00e8rement dans la presse \u00e9crite et audiovisuelle.<\/p>\n\n\n\n<p>Il a \u00e9t\u00e9 directeur adjoint du Centre Marc Bloch (Berlin) entre 2006 et 2009, et membre senior de l\u2019Institut Universitaire de France entre 2012 et 2017. Il enseign\u00e9 ou s\u00e9journ\u00e9 dans nombre d\u2019universit\u00e9s \u00e9trang\u00e8res, dont Yale, Harvard, University College London, Humboldt (Berlin), Goethe (Francfort\/Main), Louvain-la-Neuve (Belgique), du Pays basque espagnol, Tsinghua (P\u00e9kin), Peking University.&nbsp;<\/p>\n\n\n\n<p>Il est aujourd\u2019hui professeur de science politique, Universit\u00e9 de Paris 8, chercheur au Centre de Recherches et d\u2019Etudes Sociologiques et Politiques de Paris (CRESPPA), et Docteur <em>honoris causa<\/em> de l\u2019Universit\u00e9 de Li\u00e8ge. Il est aussi membre associ\u00e9 au Nuffield College, University of Oxford, \u00e0 l\u2019Universit\u00e9 de Neuch\u00e2tel et \u00e0 l\u2019Universit\u00e9 libre de Bruxelles.<\/p>\n\n\n\n<p>Il a publi\u00e9 dans 20 langues de nombreux articles et ouvrages sur la question d\u00e9mocratique, sur la th\u00e9orie critique, sur la sociologie en France et en Allemagne, ainsi que sur la repr\u00e9sentation politique. Il a r\u00e9cemment publi\u00e9 <em>The Government of Chance. Sortition and Democracy from Athens to the Present<\/em>, Cambridge University Press. Il travaille actuellement \u00e0 une histoire globale de la d\u00e9mocratie dans une perspective non occidentalo-centr\u00e9e.&nbsp;<\/p>\n\n\n\n<h3 class=\"wp-block-heading\">Activit\u00e9s r\u00e9centes <\/h3>\n\n\n\n<div class=\"wp-block-media-text is-stacked-on-mobile\"><figure class=\"wp-block-media-text__media\"><img loading=\"lazy\" decoding=\"async\" width=\"1024\" height=\"1024\" src=\"http:\/\/sintomer.net\/wp-content\/uploads\/2024\/05\/mmexportf393e65c5938ef5219b9f1800103bf64_1715248944522-1024x1024.jpeg\" alt=\"\" class=\"wp-image-337 size-full\" srcset=\"http:\/\/sintomer.net\/wp-content\/uploads\/2024\/05\/mmexportf393e65c5938ef5219b9f1800103bf64_1715248944522-1024x1024.jpeg 1024w, http:\/\/sintomer.net\/wp-content\/uploads\/2024\/05\/mmexportf393e65c5938ef5219b9f1800103bf64_1715248944522-300x300.jpeg 300w, http:\/\/sintomer.net\/wp-content\/uploads\/2024\/05\/mmexportf393e65c5938ef5219b9f1800103bf64_1715248944522-150x150.jpeg 150w, http:\/\/sintomer.net\/wp-content\/uploads\/2024\/05\/mmexportf393e65c5938ef5219b9f1800103bf64_1715248944522-768x768.jpeg 768w, http:\/\/sintomer.net\/wp-content\/uploads\/2024\/05\/mmexportf393e65c5938ef5219b9f1800103bf64_1715248944522.jpeg 1080w\" sizes=\"(max-width: 709px) 85vw, (max-width: 909px) 67vw, (max-width: 1362px) 62vw, 840px\" \/><\/figure><div class=\"wp-block-media-text__content\">\n<pre class=\"wp-block-verse\"><strong>Version chinoise<\/strong> d'une <em>Petite histoire de l'exp\u00e9rimentation d\u00e9mocratique. Tirage au sort et politique d'Ath\u00e8nes \u00e0 nos jours<\/em> <strong>Peking University Press, 2024.&nbsp; (\u00e0 para\u00eetre)<\/strong><\/pre>\n<\/div><\/div>\n\n\n\n<div class=\"wp-block-media-text is-stacked-on-mobile\" style=\"grid-template-columns:49% auto\"><figure class=\"wp-block-media-text__media\"><img loading=\"lazy\" decoding=\"async\" width=\"681\" height=\"1000\" src=\"http:\/\/sintomer.net\/wp-content\/uploads\/2024\/05\/51NVixx9N7L._AC_UF8941000_QL80_-2.jpg\" alt=\"\" class=\"wp-image-339 size-full\" srcset=\"http:\/\/sintomer.net\/wp-content\/uploads\/2024\/05\/51NVixx9N7L._AC_UF8941000_QL80_-2.jpg 681w, http:\/\/sintomer.net\/wp-content\/uploads\/2024\/05\/51NVixx9N7L._AC_UF8941000_QL80_-2-204x300.jpg 204w\" sizes=\"(max-width: 681px) 85vw, 681px\" \/><\/figure><div class=\"wp-block-media-text__content\">\n<pre class=\"wp-block-verse\"><strong><em>The Government of Chance. Sortition and Democracy from Athens to the Present<\/em>, Cambridge, Cambridge University Press, 2023.<\/strong><\/pre>\n<\/div><\/div>\n\n\n\n<hr class=\"wp-block-separator aligncenter has-alpha-channel-opacity is-style-wide\"\/>\n\n\n\n<h5 class=\"wp-block-heading\">Contact <\/h5>\n\n\n\n<p><strong>Email :<\/strong> <a href=\"mailto:yves.sintomer@univ-paris8.fr\">yves.sintomer@univ-paris8.fr<\/a><\/p>\n\n\n\n<p><strong>Num\u00e9ro de t\u00e9l\u00e9phone :<\/strong> +33.(6)70 03 94 51<\/p>\n\n\n\n<p><strong>Adresse professionnelle :<\/strong> CRESPPA\/CNRS, 59-61 rue Pouchet, 75 849 PARIS Cedex 17<\/p>\n","protected":false},"excerpt":{"rendered":"<p>Professeur de sciences politiques \u00e0 l&#8217;Universit\u00e9 Paris 8 Vincennes\/Saint-Denis. Membre de l\u2019UMR Centre de Recherches Sociologiques et Politiques de Paris (CRESPPA, CNRS\/Universit\u00e9 Paris 8\/Universit\u00e9 Paris Nanterre). Associate Member, Nuffield College, Maison fran\u00e7aise d\u2019Oxford, University of Oxford. Professeur \u00ab titulaire \u00bb (invit\u00e9), Institut de Sociologie de l\u2019Universit\u00e9 de Neuch\u00e2tel, Suisse (depuis 2018) ; collaborateur ext\u00e9rieur, Centre &hellip; <a href=\"http:\/\/sintomer.net\/\" class=\"more-link\">Continue reading<span class=\"screen-reader-text\"> &#8220;YVES SINTOMER &#8211; Fran\u00e7ais&#8221;<\/span><\/a><\/p>\n","protected":false},"author":1,"featured_media":0,"parent":0,"menu_order":0,"comment_status":"closed","ping_status":"closed","template":"","meta":{"om_disable_all_campaigns":false,"_monsterinsights_skip_tracking":false,"_monsterinsights_sitenote_active":false,"_monsterinsights_sitenote_note":"","_monsterinsights_sitenote_category":0,"footnotes":""},"aioseo_notices":[],"_links":{"self":[{"href":"http:\/\/sintomer.net\/index.php?rest_route=\/wp\/v2\/pages\/2"}],"collection":[{"href":"http:\/\/sintomer.net\/index.php?rest_route=\/wp\/v2\/pages"}],"about":[{"href":"http:\/\/sintomer.net\/index.php?rest_route=\/wp\/v2\/types\/page"}],"author":[{"embeddable":true,"href":"http:\/\/sintomer.net\/index.php?rest_route=\/wp\/v2\/users\/1"}],"replies":[{"embeddable":true,"href":"http:\/\/sintomer.net\/index.php?rest_route=%2Fwp%2Fv2%2Fcomments&post=2"}],"version-history":[{"count":46,"href":"http:\/\/sintomer.net\/index.php?rest_route=\/wp\/v2\/pages\/2\/revisions"}],"predecessor-version":[{"id":396,"href":"http:\/\/sintomer.net\/index.php?rest_route=\/wp\/v2\/pages\/2\/revisions\/396"}],"wp:attachment":[{"href":"http:\/\/sintomer.net\/index.php?rest_route=%2Fwp%2Fv2%2Fmedia&parent=2"}],"curies":[{"name":"wp","href":"https:\/\/api.w.org\/{rel}","templated":true}]}}